{"id":2293,"date":"2023-10-25T08:48:14","date_gmt":"2023-10-25T05:48:14","guid":{"rendered":"http:\/\/www.upi.fi\/?page_id=2293"},"modified":"2025-05-23T09:55:03","modified_gmt":"2025-05-23T06:55:03","slug":"upi-100-vuotta","status":"publish","type":"page","link":"https:\/\/www.upi.fi\/?page_id=2293","title":{"rendered":"Upi 100 vuotta"},"content":{"rendered":"<div align=\"justify\">\n<p>&#8221;<a href=\"http:\/\/www.upi.fi\/wp-content\/uploads\/2025\/05\/upi.png\"><img loading=\"lazy\" decoding=\"async\" class=\" wp-image-2719 alignright\" src=\"http:\/\/www.upi.fi\/wp-content\/uploads\/2025\/05\/upi-736x1024.png\" alt=\"\" width=\"205\" height=\"285\" srcset=\"https:\/\/www.upi.fi\/wp-content\/uploads\/2025\/05\/upi-736x1024.png 736w, https:\/\/www.upi.fi\/wp-content\/uploads\/2025\/05\/upi-216x300.png 216w, https:\/\/www.upi.fi\/wp-content\/uploads\/2025\/05\/upi-768x1068.png 768w, https:\/\/www.upi.fi\/wp-content\/uploads\/2025\/05\/upi-72x100.png 72w, https:\/\/www.upi.fi\/wp-content\/uploads\/2025\/05\/upi-36x50.png 36w, https:\/\/www.upi.fi\/wp-content\/uploads\/2025\/05\/upi-18x25.png 18w, https:\/\/www.upi.fi\/wp-content\/uploads\/2025\/05\/upi-32x43.png 32w, https:\/\/www.upi.fi\/wp-content\/uploads\/2025\/05\/upi.png 1024w\" sizes=\"auto, (max-width: 205px) 100vw, 205px\" \/><\/a>Sata vuotta \u2013 sata tarinaa. Kentill\u00e4, keiloilla ja kenties kontillaan ja niin monta askelta ja yst\u00e4v\u00e4\u00e4. T\u00e4m\u00e4 ei ole vain historiaa, vaan Upin henki, joka el\u00e4\u00e4 jokaisessa potkussa, viestiss\u00e4 ja muistossa. Astu mukaan aikamatkalle 100-vuotishistoriikkiin, jossa peli ei ole koskaan ohi.&#8221;<\/p>\n<\/div>\n<p><a href=\"http:\/\/www.upi.fi\/wp-content\/uploads\/2025\/05\/UPI-100-Vuotta-Kirja.pdf\">Upi 100v historiikki<\/a><\/p>\n","protected":false},"excerpt":{"rendered":"<p>&#8221;Sata vuotta \u2013 sata tarinaa. Kentill\u00e4, keiloilla ja kenties kontillaan ja niin monta askelta ja yst\u00e4v\u00e4\u00e4. T\u00e4m\u00e4 ei ole vain historiaa, vaan Upin henki, joka el\u00e4\u00e4 jokaisessa potkussa, viestiss\u00e4 ja muistossa. Astu mukaan aikamatkalle 100-vuotishistoriikkiin, jossa peli ei ole koskaan ohi.&#8221; Upi 100v historiikki<\/p>\n","protected":false},"author":1,"featured_media":0,"parent":0,"menu_order":0,"comment_status":"closed","ping_status":"closed","template":"","meta":{"footnotes":""},"class_list":["post-2293","page","type-page","status-publish","hentry"],"_links":{"self":[{"href":"https:\/\/www.upi.fi\/index.php?rest_route=\/wp\/v2\/pages\/2293","targetHints":{"allow":["GET"]}}],"collection":[{"href":"https:\/\/www.upi.fi\/index.php?rest_route=\/wp\/v2\/pages"}],"about":[{"href":"https:\/\/www.upi.fi\/index.php?rest_route=\/wp\/v2\/types\/page"}],"author":[{"embeddable":true,"href":"https:\/\/www.upi.fi\/index.php?rest_route=\/wp\/v2\/users\/1"}],"replies":[{"embeddable":true,"href":"https:\/\/www.upi.fi\/index.php?rest_route=%2Fwp%2Fv2%2Fcomments&post=2293"}],"version-history":[{"count":6,"href":"https:\/\/www.upi.fi\/index.php?rest_route=\/wp\/v2\/pages\/2293\/revisions"}],"predecessor-version":[{"id":2733,"href":"https:\/\/www.upi.fi\/index.php?rest_route=\/wp\/v2\/pages\/2293\/revisions\/2733"}],"wp:attachment":[{"href":"https:\/\/www.upi.fi\/index.php?rest_route=%2Fwp%2Fv2%2Fmedia&parent=2293"}],"curies":[{"name":"wp","href":"https:\/\/api.w.org\/{rel}","templated":true}]}}