{"id":1731,"date":"2022-04-27T18:40:53","date_gmt":"2022-04-27T15:40:53","guid":{"rendered":"http:\/\/www.upi.fi\/?page_id=1731"},"modified":"2022-08-16T10:55:47","modified_gmt":"2022-08-16T07:55:47","slug":"jalkapallo-2022","status":"publish","type":"page","link":"https:\/\/www.upi.fi\/?page_id=1731","title":{"rendered":"Jalkapallo 2022"},"content":{"rendered":"<p>Jalkapalloa 2022 pelataan kahdessa sarjassa: Lohko Mestaruus ja Harraste. <\/p>\n<p>Ottelut pelataan pikkukent\u00e4ll\u00e4 6+1 pelaajaa.<\/p>\n<p>Jalkapallokenttien osoitteet syksyll\u00e4 2022 UPIn peleiss\u00e4: Herttoniemenranta, Paasivaarankatu 9, 00810 Helsinki<\/p>\n<div class=\"wpcm-shortcode-wrapper\">\n<div class=\"wpcm-standings-shortcode wpcm-standings\">\n\n\t<h3>Sarjataulukko Mestaruus<\/h3>\n\t<table>\n\t\t<thead>\n\t\t\t<tr>\n\t\t\t\t<th><\/th>\n\t\t\t\t<th><\/th>\n\t\t\t\t\n\t\t\t\t\t<th class=\"p\">P<\/th>\n\n\t\t\t\t\n\t\t\t\t\t<th class=\"w\">W<\/th>\n\n\t\t\t\t\n\t\t\t\t\t<th class=\"d\">D<\/th>\n\n\t\t\t\t\n\t\t\t\t\t<th class=\"l\">L<\/th>\n\n\t\t\t\t\n\t\t\t\t\t<th class=\"pts\">Pts<\/th>\n\n\t\t\t\t\n\t\t\t<\/tr>\n\t\t<\/thead>\n\t\t<tbody>\n\n\t\t\n\t\t\t<tr class=\"\">\n\n\t\t\t\t<td class=\"pos\">\n\t\t\t\t\t1\t\t\t\t<\/td>\n\n\t\t\t\t<td class=\"club\">\n\t\t\t\t\t<img loading=\"lazy\" decoding=\"async\" width=\"25\" height=\"13\" src=\"https:\/\/www.upi.fi\/wp-content\/uploads\/2019\/04\/lyreco-1-34x17.jpg\" class=\"attachment-crest-small size-crest-small wp-post-image\" alt=\"\" \/><a href=\"https:\/\/www.upi.fi\/club\/lyreco\">Lyreco<\/a>\t\t\t\t<\/td>\n\n\t\t\t\t\n\t\t\t\t\t<td class=\"p\">10<\/td>\n\n\t\t\t\t\n\t\t\t\t\t<td class=\"w\">9<\/td>\n\n\t\t\t\t\n\t\t\t\t\t<td class=\"d\">0<\/td>\n\n\t\t\t\t\n\t\t\t\t\t<td class=\"l\">1<\/td>\n\n\t\t\t\t\n\t\t\t\t\t<td class=\"pts\">27<\/td>\n\n\t\t\t\t\n\t\t\t<\/tr>\n\n\t\t\n\t\t\t<tr class=\"\">\n\n\t\t\t\t<td class=\"pos\">\n\t\t\t\t\t2\t\t\t\t<\/td>\n\n\t\t\t\t<td class=\"club\">\n\t\t\t\t\t<img loading=\"lazy\" decoding=\"async\" width=\"25\" height=\"8\" src=\"https:\/\/www.upi.fi\/wp-content\/uploads\/2020\/05\/ea-34x11.jpg\" class=\"attachment-crest-small size-crest-small wp-post-image\" alt=\"\" \/><a href=\"https:\/\/www.upi.fi\/club\/e-ahlstrom\">E.Ahlstr\u00f6m<\/a>\t\t\t\t<\/td>\n\n\t\t\t\t\n\t\t\t\t\t<td class=\"p\">10<\/td>\n\n\t\t\t\t\n\t\t\t\t\t<td class=\"w\">8<\/td>\n\n\t\t\t\t\n\t\t\t\t\t<td class=\"d\">0<\/td>\n\n\t\t\t\t\n\t\t\t\t\t<td class=\"l\">2<\/td>\n\n\t\t\t\t\n\t\t\t\t\t<td class=\"pts\">24<\/td>\n\n\t\t\t\t\n\t\t\t<\/tr>\n\n\t\t\n\t\t\t<tr class=\"\">\n\n\t\t\t\t<td class=\"pos\">\n\t\t\t\t\t3\t\t\t\t<\/td>\n\n\t\t\t\t<td class=\"club\">\n\t\t\t\t\t<img loading=\"lazy\" decoding=\"async\" width=\"25\" height=\"10\" src=\"https:\/\/www.upi.fi\/wp-content\/uploads\/2018\/09\/nordea5_il-34x14.gif\" class=\"attachment-crest-small size-crest-small wp-post-image\" alt=\"\" \/><a href=\"https:\/\/www.upi.fi\/club\/nordea\">Nordea<\/a>\t\t\t\t<\/td>\n\n\t\t\t\t\n\t\t\t\t\t<td class=\"p\">10<\/td>\n\n\t\t\t\t\n\t\t\t\t\t<td class=\"w\">7<\/td>\n\n\t\t\t\t\n\t\t\t\t\t<td class=\"d\">0<\/td>\n\n\t\t\t\t\n\t\t\t\t\t<td class=\"l\">3<\/td>\n\n\t\t\t\t\n\t\t\t\t\t<td class=\"pts\">21<\/td>\n\n\t\t\t\t\n\t\t\t<\/tr>\n\n\t\t\n\t\t\t<tr class=\"\">\n\n\t\t\t\t<td class=\"pos\">\n\t\t\t\t\t4\t\t\t\t<\/td>\n\n\t\t\t\t<td class=\"club\">\n\t\t\t\t\t<img loading=\"lazy\" decoding=\"async\" width=\"25\" height=\"13\" src=\"https:\/\/www.upi.fi\/wp-content\/uploads\/2019\/04\/iff-34x18.png\" class=\"attachment-crest-small size-crest-small wp-post-image\" alt=\"\" \/><a href=\"https:\/\/www.upi.fi\/club\/fc-if\">FC If<\/a>\t\t\t\t<\/td>\n\n\t\t\t\t\n\t\t\t\t\t<td class=\"p\">10<\/td>\n\n\t\t\t\t\n\t\t\t\t\t<td class=\"w\">7<\/td>\n\n\t\t\t\t\n\t\t\t\t\t<td class=\"d\">0<\/td>\n\n\t\t\t\t\n\t\t\t\t\t<td class=\"l\">3<\/td>\n\n\t\t\t\t\n\t\t\t\t\t<td class=\"pts\">21<\/td>\n\n\t\t\t\t\n\t\t\t<\/tr>\n\n\t\t\n\t\t\t<tr class=\"\">\n\n\t\t\t\t<td class=\"pos\">\n\t\t\t\t\t5\t\t\t\t<\/td>\n\n\t\t\t\t<td class=\"club\">\n\t\t\t\t\t<img loading=\"lazy\" decoding=\"async\" width=\"25\" height=\"15\" src=\"https:\/\/www.upi.fi\/wp-content\/uploads\/2019\/04\/5E83A63E-73D4-4F33-9519-2699C2716DF0-34x21.jpeg\" class=\"attachment-crest-small size-crest-small wp-post-image\" alt=\"\" \/><a href=\"https:\/\/www.upi.fi\/club\/emupool\">EMUPOOL<\/a>\t\t\t\t<\/td>\n\n\t\t\t\t\n\t\t\t\t\t<td class=\"p\">10<\/td>\n\n\t\t\t\t\n\t\t\t\t\t<td class=\"w\">6<\/td>\n\n\t\t\t\t\n\t\t\t\t\t<td class=\"d\">0<\/td>\n\n\t\t\t\t\n\t\t\t\t\t<td class=\"l\">4<\/td>\n\n\t\t\t\t\n\t\t\t\t\t<td class=\"pts\">18<\/td>\n\n\t\t\t\t\n\t\t\t<\/tr>\n\n\t\t\n\t\t\t<tr class=\"\">\n\n\t\t\t\t<td class=\"pos\">\n\t\t\t\t\t6\t\t\t\t<\/td>\n\n\t\t\t\t<td class=\"club\">\n\t\t\t\t\t<img loading=\"lazy\" decoding=\"async\" width=\"25\" height=\"17\" src=\"https:\/\/www.upi.fi\/wp-content\/uploads\/2021\/11\/images-1-34x23.png\" class=\"attachment-crest-small size-crest-small wp-post-image\" alt=\"\" \/><a href=\"https:\/\/www.upi.fi\/club\/wolt\">Wolt<\/a>\t\t\t\t<\/td>\n\n\t\t\t\t\n\t\t\t\t\t<td class=\"p\">10<\/td>\n\n\t\t\t\t\n\t\t\t\t\t<td class=\"w\">5<\/td>\n\n\t\t\t\t\n\t\t\t\t\t<td class=\"d\">0<\/td>\n\n\t\t\t\t\n\t\t\t\t\t<td class=\"l\">5<\/td>\n\n\t\t\t\t\n\t\t\t\t\t<td class=\"pts\">15<\/td>\n\n\t\t\t\t\n\t\t\t<\/tr>\n\n\t\t\n\t\t\t<tr class=\"\">\n\n\t\t\t\t<td class=\"pos\">\n\t\t\t\t\t7\t\t\t\t<\/td>\n\n\t\t\t\t<td class=\"club\">\n\t\t\t\t\t<img loading=\"lazy\" decoding=\"async\" src=\"https:\/\/www.upi.fi\/wp-content\/plugins\/wp-club-manager\/assets\/images\/crest-placeholder.png\" alt=\"Placeholder\" width=\"25\" class=\"wpclubmanager-crest-placeholder wp-post-image\" height=\"25\" \/><a href=\"https:\/\/www.upi.fi\/club\/abb\">ABB<\/a>\t\t\t\t<\/td>\n\n\t\t\t\t\n\t\t\t\t\t<td class=\"p\">10<\/td>\n\n\t\t\t\t\n\t\t\t\t\t<td class=\"w\">4<\/td>\n\n\t\t\t\t\n\t\t\t\t\t<td class=\"d\">1<\/td>\n\n\t\t\t\t\n\t\t\t\t\t<td class=\"l\">5<\/td>\n\n\t\t\t\t\n\t\t\t\t\t<td class=\"pts\">13<\/td>\n\n\t\t\t\t\n\t\t\t<\/tr>\n\n\t\t\n\t\t\t<tr class=\"\">\n\n\t\t\t\t<td class=\"pos\">\n\t\t\t\t\t8\t\t\t\t<\/td>\n\n\t\t\t\t<td class=\"club\">\n\t\t\t\t\t<img loading=\"lazy\" decoding=\"async\" width=\"25\" height=\"12\" src=\"https:\/\/www.upi.fi\/wp-content\/uploads\/2018\/10\/finn-25x12.jpg\" class=\"attachment-crest-small size-crest-small wp-post-image\" alt=\"\" \/><a href=\"https:\/\/www.upi.fi\/club\/finnfoot\">Finnfoot<\/a>\t\t\t\t<\/td>\n\n\t\t\t\t\n\t\t\t\t\t<td class=\"p\">10<\/td>\n\n\t\t\t\t\n\t\t\t\t\t<td class=\"w\">3<\/td>\n\n\t\t\t\t\n\t\t\t\t\t<td class=\"d\">0<\/td>\n\n\t\t\t\t\n\t\t\t\t\t<td class=\"l\">7<\/td>\n\n\t\t\t\t\n\t\t\t\t\t<td class=\"pts\">9<\/td>\n\n\t\t\t\t\n\t\t\t<\/tr>\n\n\t\t\n\t\t\t<tr class=\"\">\n\n\t\t\t\t<td class=\"pos\">\n\t\t\t\t\t9\t\t\t\t<\/td>\n\n\t\t\t\t<td class=\"club\">\n\t\t\t\t\t<img loading=\"lazy\" decoding=\"async\" width=\"25\" height=\"10\" src=\"https:\/\/www.upi.fi\/wp-content\/uploads\/2018\/09\/9460_original-34x13.png\" class=\"attachment-crest-small size-crest-small wp-post-image\" alt=\"\" \/><a href=\"https:\/\/www.upi.fi\/club\/mandatum\">Mandatum<\/a>\t\t\t\t<\/td>\n\n\t\t\t\t\n\t\t\t\t\t<td class=\"p\">10<\/td>\n\n\t\t\t\t\n\t\t\t\t\t<td class=\"w\">2<\/td>\n\n\t\t\t\t\n\t\t\t\t\t<td class=\"d\">1<\/td>\n\n\t\t\t\t\n\t\t\t\t\t<td class=\"l\">7<\/td>\n\n\t\t\t\t\n\t\t\t\t\t<td class=\"pts\">7<\/td>\n\n\t\t\t\t\n\t\t\t<\/tr>\n\n\t\t\n\t\t\t<tr class=\"\">\n\n\t\t\t\t<td class=\"pos\">\n\t\t\t\t\t10\t\t\t\t<\/td>\n\n\t\t\t\t<td class=\"club\">\n\t\t\t\t\t<img loading=\"lazy\" decoding=\"async\" width=\"25\" height=\"8\" src=\"https:\/\/www.upi.fi\/wp-content\/uploads\/2019\/04\/logo-s-ryhma-34x11.png\" class=\"attachment-crest-small size-crest-small wp-post-image\" alt=\"\" \/><a href=\"https:\/\/www.upi.fi\/club\/s-team\">S-Team<\/a>\t\t\t\t<\/td>\n\n\t\t\t\t\n\t\t\t\t\t<td class=\"p\">10<\/td>\n\n\t\t\t\t\n\t\t\t\t\t<td class=\"w\">2<\/td>\n\n\t\t\t\t\n\t\t\t\t\t<td class=\"d\">0<\/td>\n\n\t\t\t\t\n\t\t\t\t\t<td class=\"l\">8<\/td>\n\n\t\t\t\t\n\t\t\t\t\t<td class=\"pts\">6<\/td>\n\n\t\t\t\t\n\t\t\t<\/tr>\n\n\t\t\n\t\t\t<tr class=\"\">\n\n\t\t\t\t<td class=\"pos\">\n\t\t\t\t\t11\t\t\t\t<\/td>\n\n\t\t\t\t<td class=\"club\">\n\t\t\t\t\t<img loading=\"lazy\" decoding=\"async\" width=\"25\" height=\"4\" src=\"https:\/\/www.upi.fi\/wp-content\/uploads\/2022\/04\/propertit_logo2-34x6.png\" class=\"attachment-crest-small size-crest-small wp-post-image\" alt=\"\" \/><a href=\"https:\/\/www.upi.fi\/club\/propertit\">Propertit<\/a>\t\t\t\t<\/td>\n\n\t\t\t\t\n\t\t\t\t\t<td class=\"p\">10<\/td>\n\n\t\t\t\t\n\t\t\t\t\t<td class=\"w\">1<\/td>\n\n\t\t\t\t\n\t\t\t\t\t<td class=\"d\">0<\/td>\n\n\t\t\t\t\n\t\t\t\t\t<td class=\"l\">9<\/td>\n\n\t\t\t\t\n\t\t\t\t\t<td class=\"pts\">3<\/td>\n\n\t\t\t\t\n\t\t\t<\/tr>\n\n\t\t\n\t\t<\/tbody>\n\t<\/table>\n\t<\/div>\n<\/div>\n<div class=\"wpcm-shortcode-wrapper\">\n<div class=\"wpcm-standings-shortcode wpcm-standings\">\n\n\t<h3>Sarjataulukko Harraste<\/h3>\n\t<table>\n\t\t<thead>\n\t\t\t<tr>\n\t\t\t\t<th><\/th>\n\t\t\t\t<th><\/th>\n\t\t\t\t\n\t\t\t\t\t<th class=\"p\">P<\/th>\n\n\t\t\t\t\n\t\t\t\t\t<th class=\"w\">W<\/th>\n\n\t\t\t\t\n\t\t\t\t\t<th class=\"d\">D<\/th>\n\n\t\t\t\t\n\t\t\t\t\t<th class=\"l\">L<\/th>\n\n\t\t\t\t\n\t\t\t\t\t<th class=\"pts\">Pts<\/th>\n\n\t\t\t\t\n\t\t\t<\/tr>\n\t\t<\/thead>\n\t\t<tbody>\n\n\t\t\n\t\t\t<tr class=\"\">\n\n\t\t\t\t<td class=\"pos\">\n\t\t\t\t\t1\t\t\t\t<\/td>\n\n\t\t\t\t<td class=\"club\">\n\t\t\t\t\t<img loading=\"lazy\" decoding=\"async\" width=\"25\" height=\"17\" src=\"https:\/\/www.upi.fi\/wp-content\/uploads\/2019\/04\/news-placeholder-thumb-34x23.jpg\" class=\"attachment-crest-small size-crest-small wp-post-image\" alt=\"\" \/><a href=\"https:\/\/www.upi.fi\/club\/delete\">Delete<\/a>\t\t\t\t<\/td>\n\n\t\t\t\t\n\t\t\t\t\t<td class=\"p\">10<\/td>\n\n\t\t\t\t\n\t\t\t\t\t<td class=\"w\">8<\/td>\n\n\t\t\t\t\n\t\t\t\t\t<td class=\"d\">2<\/td>\n\n\t\t\t\t\n\t\t\t\t\t<td class=\"l\">0<\/td>\n\n\t\t\t\t\n\t\t\t\t\t<td class=\"pts\">26<\/td>\n\n\t\t\t\t\n\t\t\t<\/tr>\n\n\t\t\n\t\t\t<tr class=\"\">\n\n\t\t\t\t<td class=\"pos\">\n\t\t\t\t\t2\t\t\t\t<\/td>\n\n\t\t\t\t<td class=\"club\">\n\t\t\t\t\t<img loading=\"lazy\" decoding=\"async\" width=\"25\" height=\"14\" src=\"https:\/\/www.upi.fi\/wp-content\/uploads\/2018\/09\/images-34x19.jpg\" class=\"attachment-crest-small size-crest-small wp-post-image\" alt=\"\" \/><a href=\"https:\/\/www.upi.fi\/club\/kpmg\">KPMG<\/a>\t\t\t\t<\/td>\n\n\t\t\t\t\n\t\t\t\t\t<td class=\"p\">10<\/td>\n\n\t\t\t\t\n\t\t\t\t\t<td class=\"w\">8<\/td>\n\n\t\t\t\t\n\t\t\t\t\t<td class=\"d\">0<\/td>\n\n\t\t\t\t\n\t\t\t\t\t<td class=\"l\">2<\/td>\n\n\t\t\t\t\n\t\t\t\t\t<td class=\"pts\">24<\/td>\n\n\t\t\t\t\n\t\t\t<\/tr>\n\n\t\t\n\t\t\t<tr class=\"\">\n\n\t\t\t\t<td class=\"pos\">\n\t\t\t\t\t3\t\t\t\t<\/td>\n\n\t\t\t\t<td class=\"club\">\n\t\t\t\t\t<img loading=\"lazy\" decoding=\"async\" width=\"25\" height=\"13\" src=\"https:\/\/www.upi.fi\/wp-content\/uploads\/2020\/05\/neles-1-34x17.png\" class=\"attachment-crest-small size-crest-small wp-post-image\" alt=\"\" \/><a href=\"https:\/\/www.upi.fi\/club\/neles\">Neles<\/a>\t\t\t\t<\/td>\n\n\t\t\t\t\n\t\t\t\t\t<td class=\"p\">10<\/td>\n\n\t\t\t\t\n\t\t\t\t\t<td class=\"w\">6<\/td>\n\n\t\t\t\t\n\t\t\t\t\t<td class=\"d\">2<\/td>\n\n\t\t\t\t\n\t\t\t\t\t<td class=\"l\">2<\/td>\n\n\t\t\t\t\n\t\t\t\t\t<td class=\"pts\">20<\/td>\n\n\t\t\t\t\n\t\t\t<\/tr>\n\n\t\t\n\t\t\t<tr class=\"\">\n\n\t\t\t\t<td class=\"pos\">\n\t\t\t\t\t4\t\t\t\t<\/td>\n\n\t\t\t\t<td class=\"club\">\n\t\t\t\t\t<img loading=\"lazy\" decoding=\"async\" width=\"25\" height=\"13\" src=\"https:\/\/www.upi.fi\/wp-content\/uploads\/2019\/04\/a11d9497102a7c97_org-34x17.jpg\" class=\"attachment-crest-small size-crest-small wp-post-image\" alt=\"\" \/><a href=\"https:\/\/www.upi.fi\/club\/digia\">Digia<\/a>\t\t\t\t<\/td>\n\n\t\t\t\t\n\t\t\t\t\t<td class=\"p\">10<\/td>\n\n\t\t\t\t\n\t\t\t\t\t<td class=\"w\">6<\/td>\n\n\t\t\t\t\n\t\t\t\t\t<td class=\"d\">1<\/td>\n\n\t\t\t\t\n\t\t\t\t\t<td class=\"l\">3<\/td>\n\n\t\t\t\t\n\t\t\t\t\t<td class=\"pts\">19<\/td>\n\n\t\t\t\t\n\t\t\t<\/tr>\n\n\t\t\n\t\t\t<tr class=\"\">\n\n\t\t\t\t<td class=\"pos\">\n\t\t\t\t\t5\t\t\t\t<\/td>\n\n\t\t\t\t<td class=\"club\">\n\t\t\t\t\t<img loading=\"lazy\" decoding=\"async\" src=\"https:\/\/www.upi.fi\/wp-content\/plugins\/wp-club-manager\/assets\/images\/crest-placeholder.png\" alt=\"Placeholder\" width=\"25\" class=\"wpclubmanager-crest-placeholder wp-post-image\" height=\"25\" \/><a href=\"https:\/\/www.upi.fi\/club\/zevoy\">Zevoy<\/a>\t\t\t\t<\/td>\n\n\t\t\t\t\n\t\t\t\t\t<td class=\"p\">10<\/td>\n\n\t\t\t\t\n\t\t\t\t\t<td class=\"w\">6<\/td>\n\n\t\t\t\t\n\t\t\t\t\t<td class=\"d\">1<\/td>\n\n\t\t\t\t\n\t\t\t\t\t<td class=\"l\">3<\/td>\n\n\t\t\t\t\n\t\t\t\t\t<td class=\"pts\">19<\/td>\n\n\t\t\t\t\n\t\t\t<\/tr>\n\n\t\t\n\t\t\t<tr class=\"\">\n\n\t\t\t\t<td class=\"pos\">\n\t\t\t\t\t6\t\t\t\t<\/td>\n\n\t\t\t\t<td class=\"club\">\n\t\t\t\t\t<img loading=\"lazy\" decoding=\"async\" width=\"25\" height=\"7\" src=\"https:\/\/www.upi.fi\/wp-content\/uploads\/2019\/04\/logo-34x9.webp\" class=\"attachment-crest-small size-crest-small wp-post-image\" alt=\"\" \/><a href=\"https:\/\/www.upi.fi\/club\/tyollisyysrahasto\">Ty\u00f6llisyysrahasto<\/a>\t\t\t\t<\/td>\n\n\t\t\t\t\n\t\t\t\t\t<td class=\"p\">10<\/td>\n\n\t\t\t\t\n\t\t\t\t\t<td class=\"w\">5<\/td>\n\n\t\t\t\t\n\t\t\t\t\t<td class=\"d\">0<\/td>\n\n\t\t\t\t\n\t\t\t\t\t<td class=\"l\">5<\/td>\n\n\t\t\t\t\n\t\t\t\t\t<td class=\"pts\">15<\/td>\n\n\t\t\t\t\n\t\t\t<\/tr>\n\n\t\t\n\t\t\t<tr class=\"\">\n\n\t\t\t\t<td class=\"pos\">\n\t\t\t\t\t7\t\t\t\t<\/td>\n\n\t\t\t\t<td class=\"club\">\n\t\t\t\t\t<img loading=\"lazy\" decoding=\"async\" width=\"25\" height=\"13\" src=\"https:\/\/www.upi.fi\/wp-content\/uploads\/2018\/09\/helen-34x18.png\" class=\"attachment-crest-small size-crest-small wp-post-image\" alt=\"\" \/><a href=\"https:\/\/www.upi.fi\/club\/helen\">Helen<\/a>\t\t\t\t<\/td>\n\n\t\t\t\t\n\t\t\t\t\t<td class=\"p\">10<\/td>\n\n\t\t\t\t\n\t\t\t\t\t<td class=\"w\">3<\/td>\n\n\t\t\t\t\n\t\t\t\t\t<td class=\"d\">2<\/td>\n\n\t\t\t\t\n\t\t\t\t\t<td class=\"l\">5<\/td>\n\n\t\t\t\t\n\t\t\t\t\t<td class=\"pts\">11<\/td>\n\n\t\t\t\t\n\t\t\t<\/tr>\n\n\t\t\n\t\t\t<tr class=\"\">\n\n\t\t\t\t<td class=\"pos\">\n\t\t\t\t\t8\t\t\t\t<\/td>\n\n\t\t\t\t<td class=\"club\">\n\t\t\t\t\t<img loading=\"lazy\" decoding=\"async\" width=\"25\" height=\"9\" src=\"https:\/\/www.upi.fi\/wp-content\/uploads\/2020\/05\/sweco_logo-34x12.jpg\" class=\"attachment-crest-small size-crest-small wp-post-image\" alt=\"\" \/><a href=\"https:\/\/www.upi.fi\/club\/sweco\">Sweco<\/a>\t\t\t\t<\/td>\n\n\t\t\t\t\n\t\t\t\t\t<td class=\"p\">10<\/td>\n\n\t\t\t\t\n\t\t\t\t\t<td class=\"w\">2<\/td>\n\n\t\t\t\t\n\t\t\t\t\t<td class=\"d\">3<\/td>\n\n\t\t\t\t\n\t\t\t\t\t<td class=\"l\">5<\/td>\n\n\t\t\t\t\n\t\t\t\t\t<td class=\"pts\">9<\/td>\n\n\t\t\t\t\n\t\t\t<\/tr>\n\n\t\t\n\t\t\t<tr class=\"\">\n\n\t\t\t\t<td class=\"pos\">\n\t\t\t\t\t9\t\t\t\t<\/td>\n\n\t\t\t\t<td class=\"club\">\n\t\t\t\t\t<img loading=\"lazy\" decoding=\"async\" width=\"25\" height=\"25\" src=\"https:\/\/www.upi.fi\/wp-content\/uploads\/2018\/10\/sievo-25x25.jpg\" class=\"attachment-crest-small size-crest-small wp-post-image\" alt=\"\" \/><a href=\"https:\/\/www.upi.fi\/club\/sievo\">Sievo<\/a>\t\t\t\t<\/td>\n\n\t\t\t\t\n\t\t\t\t\t<td class=\"p\">10<\/td>\n\n\t\t\t\t\n\t\t\t\t\t<td class=\"w\">2<\/td>\n\n\t\t\t\t\n\t\t\t\t\t<td class=\"d\">0<\/td>\n\n\t\t\t\t\n\t\t\t\t\t<td class=\"l\">8<\/td>\n\n\t\t\t\t\n\t\t\t\t\t<td class=\"pts\">6<\/td>\n\n\t\t\t\t\n\t\t\t<\/tr>\n\n\t\t\n\t\t\t<tr class=\"\">\n\n\t\t\t\t<td class=\"pos\">\n\t\t\t\t\t10\t\t\t\t<\/td>\n\n\t\t\t\t<td class=\"club\">\n\t\t\t\t\t<img loading=\"lazy\" decoding=\"async\" src=\"https:\/\/www.upi.fi\/wp-content\/plugins\/wp-club-manager\/assets\/images\/crest-placeholder.png\" alt=\"Placeholder\" width=\"25\" class=\"wpclubmanager-crest-placeholder wp-post-image\" height=\"25\" \/><a href=\"https:\/\/www.upi.fi\/club\/y4-works\">Y4 Works<\/a>\t\t\t\t<\/td>\n\n\t\t\t\t\n\t\t\t\t\t<td class=\"p\">10<\/td>\n\n\t\t\t\t\n\t\t\t\t\t<td class=\"w\">2<\/td>\n\n\t\t\t\t\n\t\t\t\t\t<td class=\"d\">0<\/td>\n\n\t\t\t\t\n\t\t\t\t\t<td class=\"l\">8<\/td>\n\n\t\t\t\t\n\t\t\t\t\t<td class=\"pts\">6<\/td>\n\n\t\t\t\t\n\t\t\t<\/tr>\n\n\t\t\n\t\t\t<tr class=\"\">\n\n\t\t\t\t<td class=\"pos\">\n\t\t\t\t\t11\t\t\t\t<\/td>\n\n\t\t\t\t<td class=\"club\">\n\t\t\t\t\t<img loading=\"lazy\" decoding=\"async\" width=\"25\" height=\"25\" src=\"https:\/\/www.upi.fi\/wp-content\/uploads\/2022\/04\/innofactor-logo-for-portal-34x34.png\" class=\"attachment-crest-small size-crest-small wp-post-image\" alt=\"\" \/><a href=\"https:\/\/www.upi.fi\/club\/innofactor\">Innofactor<\/a>\t\t\t\t<\/td>\n\n\t\t\t\t\n\t\t\t\t\t<td class=\"p\">10<\/td>\n\n\t\t\t\t\n\t\t\t\t\t<td class=\"w\">1<\/td>\n\n\t\t\t\t\n\t\t\t\t\t<td class=\"d\">1<\/td>\n\n\t\t\t\t\n\t\t\t\t\t<td class=\"l\">8<\/td>\n\n\t\t\t\t\n\t\t\t\t\t<td class=\"pts\">4<\/td>\n\n\t\t\t\t\n\t\t\t<\/tr>\n\n\t\t\n\t\t<\/tbody>\n\t<\/table>\n\t<\/div>\n<\/div>\n","protected":false},"excerpt":{"rendered":"<p>Jalkapalloa 2022 pelataan kahdessa sarjassa: Lohko Mestaruus ja Harraste. Ottelut pelataan pikkukent\u00e4ll\u00e4 6+1 pelaajaa. Jalkapallokenttien osoitteet syksyll\u00e4 2022 UPIn peleiss\u00e4: Herttoniemenranta, Paasivaarankatu 9, 00810 Helsinki<\/p>\n","protected":false},"author":1,"featured_media":0,"parent":0,"menu_order":0,"comment_status":"closed","ping_status":"closed","template":"","meta":{"footnotes":""},"class_list":["post-1731","page","type-page","status-publish","hentry"],"_links":{"self":[{"href":"https:\/\/www.upi.fi\/index.php?rest_route=\/wp\/v2\/pages\/1731","targetHints":{"allow":["GET"]}}],"collection":[{"href":"https:\/\/www.upi.fi\/index.php?rest_route=\/wp\/v2\/pages"}],"about":[{"href":"https:\/\/www.upi.fi\/index.php?rest_route=\/wp\/v2\/types\/page"}],"author":[{"embeddable":true,"href":"https:\/\/www.upi.fi\/index.php?rest_route=\/wp\/v2\/users\/1"}],"replies":[{"embeddable":true,"href":"https:\/\/www.upi.fi\/index.php?rest_route=%2Fwp%2Fv2%2Fcomments&post=1731"}],"version-history":[{"count":11,"href":"https:\/\/www.upi.fi\/index.php?rest_route=\/wp\/v2\/pages\/1731\/revisions"}],"predecessor-version":[{"id":1846,"href":"https:\/\/www.upi.fi\/index.php?rest_route=\/wp\/v2\/pages\/1731\/revisions\/1846"}],"wp:attachment":[{"href":"https:\/\/www.upi.fi\/index.php?rest_route=%2Fwp%2Fv2%2Fmedia&parent=1731"}],"curies":[{"name":"wp","href":"https:\/\/api.w.org\/{rel}","templated":true}]}}