{"id":1666,"date":"2021-11-10T20:16:33","date_gmt":"2021-11-10T18:16:33","guid":{"rendered":"http:\/\/www.upi.fi\/?page_id=1666"},"modified":"2021-11-10T20:33:41","modified_gmt":"2021-11-10T18:33:41","slug":"jalkapallo-talvisarja-2021","status":"publish","type":"page","link":"https:\/\/www.upi.fi\/?page_id=1666","title":{"rendered":"Jalkapallo talvisarja 2021"},"content":{"rendered":"\n<table id=\"tablepress-31\" class=\"tablepress tablepress-id-31\">\n<thead>\n<tr class=\"row-1\">\n\t<th class=\"column-1\">P\u00e4iv\u00e4m\u00e4\u00e4r\u00e4<\/th><th class=\"column-2\">Paikka<\/th><th class=\"column-3\">Kellonaika<\/th><td class=\"column-4\"><\/td><td class=\"column-5\"><\/td><th class=\"column-6\">Tulos<\/th>\n<\/tr>\n<\/thead>\n<tbody class=\"row-striping row-hover\">\n<tr class=\"row-2\">\n\t<td class=\"column-1\">11.11.2021<\/td><td class=\"column-2\">Urpiaisentie 11, Vantaa<\/td><td class=\"column-3\">20:00<\/td><td class=\"column-4\">Mandatum<\/td><td class=\"column-5\">S-Team<\/td><td class=\"column-6\">1-4<\/td>\n<\/tr>\n<tr class=\"row-3\">\n\t<td class=\"column-1\">11.11.2021<\/td><td class=\"column-2\">Urpiaisentie 11, Vantaa<\/td><td class=\"column-3\">20:45<\/td><td class=\"column-4\">Neles<\/td><td class=\"column-5\">Finnfoot<\/td><td class=\"column-6\">0-2<\/td>\n<\/tr>\n<tr class=\"row-4\">\n\t<td class=\"column-1\">18.11.2021<\/td><td class=\"column-2\">Urpiaisentie 11, Vantaa<\/td><td class=\"column-3\">20:00<\/td><td class=\"column-4\">S-Team<\/td><td class=\"column-5\">Neles<\/td><td class=\"column-6\">1-8<\/td>\n<\/tr>\n<tr class=\"row-5\">\n\t<td class=\"column-1\">18.11.2021<\/td><td class=\"column-2\">Urpiaisentie 11, Vantaa<\/td><td class=\"column-3\">20:45<\/td><td class=\"column-4\">Mandatum<\/td><td class=\"column-5\">Finnfoot<\/td><td class=\"column-6\">1-2<\/td>\n<\/tr>\n<tr class=\"row-6\">\n\t<td class=\"column-1\">25.11.2021<\/td><td class=\"column-2\">Urpiaisentie 11, Vantaa<\/td><td class=\"column-3\">20:00<\/td><td class=\"column-4\">Wolt\u00a0<\/td><td class=\"column-5\">S-Team<\/td><td class=\"column-6\">3-3<\/td>\n<\/tr>\n<tr class=\"row-7\">\n\t<td class=\"column-1\">25.11.2021<\/td><td class=\"column-2\">Urpiaisentie 11, Vantaa<\/td><td class=\"column-3\">20:45<\/td><td class=\"column-4\">Neles<\/td><td class=\"column-5\">Finnfoot<\/td><td class=\"column-6\">2-5<\/td>\n<\/tr>\n<tr class=\"row-8\">\n\t<td class=\"column-1\">2.12.2021<\/td><td class=\"column-2\">Urpiaisentie 11, Vantaa<\/td><td class=\"column-3\">20:00<\/td><td class=\"column-4\">S-Team<\/td><td class=\"column-5\">Finnfoot<\/td><td class=\"column-6\">3-4<\/td>\n<\/tr>\n<tr class=\"row-9\">\n\t<td class=\"column-1\">2.12.2021<\/td><td class=\"column-2\">Urpiaisentie 11, Vantaa<\/td><td class=\"column-3\">20:45<\/td><td class=\"column-4\">Wolt\u00a0<\/td><td class=\"column-5\">Neles<\/td><td class=\"column-6\">1-3<\/td>\n<\/tr>\n<tr class=\"row-10\">\n\t<td class=\"column-1\">9.12.2021<\/td><td class=\"column-2\">Urpiaisentie 11, Vantaa<\/td><td class=\"column-3\">20:00<\/td><td class=\"column-4\">Mandatum<\/td><td class=\"column-5\">Wolt\u00a0<\/td><td class=\"column-6\">4-1<\/td>\n<\/tr>\n<tr class=\"row-11\">\n\t<td class=\"column-1\">9.12.2021<\/td><td class=\"column-2\">Urpiaisentie 11, Vantaa<\/td><td class=\"column-3\">20:45<\/td><td class=\"column-4\">S-Team<\/td><td class=\"column-5\">Neles<\/td><td class=\"column-6\">5-4<\/td>\n<\/tr>\n<tr class=\"row-12\">\n\t<td class=\"column-1\">16.12.2021<\/td><td class=\"column-2\">Urpiaisentie 11, Vantaa<\/td><td class=\"column-3\">20:00<\/td><td class=\"column-4\">Mandatum<\/td><td class=\"column-5\">Neles<\/td><td class=\"column-6\">3-1<\/td>\n<\/tr>\n<tr class=\"row-13\">\n\t<td class=\"column-1\">16.12.2021<\/td><td class=\"column-2\">Urpiaisentie 11, Vantaa<\/td><td class=\"column-3\">20:45<\/td><td class=\"column-4\">Wolt\u00a0<\/td><td class=\"column-5\">Finnfoot<\/td><td class=\"column-6\">1-1<\/td>\n<\/tr>\n<tr class=\"row-14\">\n\t<td class=\"column-1\">7.2.2022<\/td><td class=\"column-2\">Tattarisuontie 32, Helsinki<\/td><td class=\"column-3\">20:00<\/td><td class=\"column-4\">Mandatum<\/td><td class=\"column-5\">Finnfoot<\/td><td class=\"column-6\">4-5<\/td>\n<\/tr>\n<tr class=\"row-15\">\n\t<td class=\"column-1\">7.2.2022<\/td><td class=\"column-2\">Tattarisuontie 32, Helsinki<\/td><td class=\"column-3\">21:00<\/td><td class=\"column-4\">Wolt\u00a0<\/td><td class=\"column-5\">S-Team<\/td><td class=\"column-6\">4-3<\/td>\n<\/tr>\n<tr class=\"row-16\">\n\t<td class=\"column-1\">14.2.2022<\/td><td class=\"column-2\">Tattarisuontie 32, Helsinki<\/td><td class=\"column-3\">20:00<\/td><td class=\"column-4\">Mandatum<\/td><td class=\"column-5\">Wolt\u00a0<\/td><td class=\"column-6\">5-11<\/td>\n<\/tr>\n<tr class=\"row-17\">\n\t<td class=\"column-1\">14.2.2022<\/td><td class=\"column-2\">Tattarisuontie 32, Helsinki<\/td><td class=\"column-3\">21:00<\/td><td class=\"column-4\">S-Team<\/td><td class=\"column-5\">Finnfoot<\/td><td class=\"column-6\">8-4<\/td>\n<\/tr>\n<tr class=\"row-18\">\n\t<td class=\"column-1\">28.2.2022<\/td><td class=\"column-2\">Tattarisuontie 32, Helsinki<\/td><td class=\"column-3\">20:00<\/td><td class=\"column-4\">Mandatum<\/td><td class=\"column-5\">S-Team<\/td><td class=\"column-6\">6-4<\/td>\n<\/tr>\n<tr class=\"row-19\">\n\t<td class=\"column-1\">28.2.2022<\/td><td class=\"column-2\">Tattarisuontie 32, Helsinki<\/td><td class=\"column-3\">21:00<\/td><td class=\"column-4\">Wolt\u00a0<\/td><td class=\"column-5\">Neles<\/td><td class=\"column-6\">2-3<\/td>\n<\/tr>\n<tr class=\"row-20\">\n\t<td class=\"column-1\">7.3.2022<\/td><td class=\"column-2\">Tattarisuontie 32, Helsinki<\/td><td class=\"column-3\">20:00<\/td><td class=\"column-4\">Mandatum<\/td><td class=\"column-5\">Neles<\/td><td class=\"column-6\">3-0<\/td>\n<\/tr>\n<tr class=\"row-21\">\n\t<td class=\"column-1\">7.3.2022<\/td><td class=\"column-2\">Tattarisuontie 32, Helsinki<\/td><td class=\"column-3\">21:00<\/td><td class=\"column-4\">Wolt\u00a0<\/td><td class=\"column-5\">Finnfoot<\/td><td class=\"column-6\">3-3<\/td>\n<\/tr>\n<\/tbody>\n<\/table>\n<!-- #tablepress-31 from cache -->\n<div class=\"wpcm-shortcode-wrapper\">\n<div class=\"wpcm-standings-shortcode wpcm-standings\">\n\n\t<h3>Sarjataulukko Talvisarja 2021<\/h3>\n\t<table>\n\t\t<thead>\n\t\t\t<tr>\n\t\t\t\t<th><\/th>\n\t\t\t\t<th><\/th>\n\t\t\t\t\n\t\t\t\t\t<th class=\"p\">P<\/th>\n\n\t\t\t\t\n\t\t\t\t\t<th class=\"w\">W<\/th>\n\n\t\t\t\t\n\t\t\t\t\t<th class=\"d\">D<\/th>\n\n\t\t\t\t\n\t\t\t\t\t<th class=\"l\">L<\/th>\n\n\t\t\t\t\n\t\t\t\t\t<th class=\"pts\">Pts<\/th>\n\n\t\t\t\t\n\t\t\t<\/tr>\n\t\t<\/thead>\n\t\t<tbody>\n\n\t\t\n\t\t\t<tr class=\"\">\n\n\t\t\t\t<td class=\"pos\">\n\t\t\t\t\t1\t\t\t\t<\/td>\n\n\t\t\t\t<td class=\"club\">\n\t\t\t\t\t<img loading=\"lazy\" decoding=\"async\" width=\"25\" height=\"12\" src=\"https:\/\/www.upi.fi\/wp-content\/uploads\/2018\/10\/finn-25x12.jpg\" class=\"attachment-crest-small size-crest-small wp-post-image\" alt=\"\" \/><a href=\"https:\/\/www.upi.fi\/club\/finnfoot\">Finnfoot<\/a>\t\t\t\t<\/td>\n\n\t\t\t\t\n\t\t\t\t\t<td class=\"p\">8<\/td>\n\n\t\t\t\t\n\t\t\t\t\t<td class=\"w\">5<\/td>\n\n\t\t\t\t\n\t\t\t\t\t<td class=\"d\">2<\/td>\n\n\t\t\t\t\n\t\t\t\t\t<td class=\"l\">1<\/td>\n\n\t\t\t\t\n\t\t\t\t\t<td class=\"pts\">17<\/td>\n\n\t\t\t\t\n\t\t\t<\/tr>\n\n\t\t\n\t\t\t<tr class=\"\">\n\n\t\t\t\t<td class=\"pos\">\n\t\t\t\t\t2\t\t\t\t<\/td>\n\n\t\t\t\t<td class=\"club\">\n\t\t\t\t\t<img loading=\"lazy\" decoding=\"async\" width=\"25\" height=\"10\" src=\"https:\/\/www.upi.fi\/wp-content\/uploads\/2018\/09\/9460_original-34x13.png\" class=\"attachment-crest-small size-crest-small wp-post-image\" alt=\"\" \/><a href=\"https:\/\/www.upi.fi\/club\/mandatum\">Mandatum<\/a>\t\t\t\t<\/td>\n\n\t\t\t\t\n\t\t\t\t\t<td class=\"p\">8<\/td>\n\n\t\t\t\t\n\t\t\t\t\t<td class=\"w\">4<\/td>\n\n\t\t\t\t\n\t\t\t\t\t<td class=\"d\">0<\/td>\n\n\t\t\t\t\n\t\t\t\t\t<td class=\"l\">4<\/td>\n\n\t\t\t\t\n\t\t\t\t\t<td class=\"pts\">12<\/td>\n\n\t\t\t\t\n\t\t\t<\/tr>\n\n\t\t\n\t\t\t<tr class=\"\">\n\n\t\t\t\t<td class=\"pos\">\n\t\t\t\t\t3\t\t\t\t<\/td>\n\n\t\t\t\t<td class=\"club\">\n\t\t\t\t\t<img loading=\"lazy\" decoding=\"async\" width=\"25\" height=\"8\" src=\"https:\/\/www.upi.fi\/wp-content\/uploads\/2019\/04\/logo-s-ryhma-34x11.png\" class=\"attachment-crest-small size-crest-small wp-post-image\" alt=\"\" \/><a href=\"https:\/\/www.upi.fi\/club\/s-team\">S-Team<\/a>\t\t\t\t<\/td>\n\n\t\t\t\t\n\t\t\t\t\t<td class=\"p\">8<\/td>\n\n\t\t\t\t\n\t\t\t\t\t<td class=\"w\">3<\/td>\n\n\t\t\t\t\n\t\t\t\t\t<td class=\"d\">1<\/td>\n\n\t\t\t\t\n\t\t\t\t\t<td class=\"l\">4<\/td>\n\n\t\t\t\t\n\t\t\t\t\t<td class=\"pts\">10<\/td>\n\n\t\t\t\t\n\t\t\t<\/tr>\n\n\t\t\n\t\t\t<tr class=\"\">\n\n\t\t\t\t<td class=\"pos\">\n\t\t\t\t\t4\t\t\t\t<\/td>\n\n\t\t\t\t<td class=\"club\">\n\t\t\t\t\t<img loading=\"lazy\" decoding=\"async\" width=\"25\" height=\"13\" src=\"https:\/\/www.upi.fi\/wp-content\/uploads\/2020\/05\/neles-1-34x17.png\" class=\"attachment-crest-small size-crest-small wp-post-image\" alt=\"\" \/><a href=\"https:\/\/www.upi.fi\/club\/neles\">Neles<\/a>\t\t\t\t<\/td>\n\n\t\t\t\t\n\t\t\t\t\t<td class=\"p\">8<\/td>\n\n\t\t\t\t\n\t\t\t\t\t<td class=\"w\">3<\/td>\n\n\t\t\t\t\n\t\t\t\t\t<td class=\"d\">0<\/td>\n\n\t\t\t\t\n\t\t\t\t\t<td class=\"l\">5<\/td>\n\n\t\t\t\t\n\t\t\t\t\t<td class=\"pts\">9<\/td>\n\n\t\t\t\t\n\t\t\t<\/tr>\n\n\t\t\n\t\t\t<tr class=\"\">\n\n\t\t\t\t<td class=\"pos\">\n\t\t\t\t\t5\t\t\t\t<\/td>\n\n\t\t\t\t<td class=\"club\">\n\t\t\t\t\t<img loading=\"lazy\" decoding=\"async\" width=\"25\" height=\"17\" src=\"https:\/\/www.upi.fi\/wp-content\/uploads\/2021\/11\/images-1-34x23.png\" class=\"attachment-crest-small size-crest-small wp-post-image\" alt=\"\" \/><a href=\"https:\/\/www.upi.fi\/club\/wolt\">Wolt<\/a>\t\t\t\t<\/td>\n\n\t\t\t\t\n\t\t\t\t\t<td class=\"p\">8<\/td>\n\n\t\t\t\t\n\t\t\t\t\t<td class=\"w\">2<\/td>\n\n\t\t\t\t\n\t\t\t\t\t<td class=\"d\">3<\/td>\n\n\t\t\t\t\n\t\t\t\t\t<td class=\"l\">3<\/td>\n\n\t\t\t\t\n\t\t\t\t\t<td class=\"pts\">9<\/td>\n\n\t\t\t\t\n\t\t\t<\/tr>\n\n\t\t\n\t\t<\/tbody>\n\t<\/table>\n\t<\/div>\n<\/div>\n","protected":false},"excerpt":{"rendered":"","protected":false},"author":1,"featured_media":0,"parent":0,"menu_order":0,"comment_status":"closed","ping_status":"closed","template":"","meta":{"footnotes":""},"class_list":["post-1666","page","type-page","status-publish","hentry"],"_links":{"self":[{"href":"https:\/\/www.upi.fi\/index.php?rest_route=\/wp\/v2\/pages\/1666","targetHints":{"allow":["GET"]}}],"collection":[{"href":"https:\/\/www.upi.fi\/index.php?rest_route=\/wp\/v2\/pages"}],"about":[{"href":"https:\/\/www.upi.fi\/index.php?rest_route=\/wp\/v2\/types\/page"}],"author":[{"embeddable":true,"href":"https:\/\/www.upi.fi\/index.php?rest_route=\/wp\/v2\/users\/1"}],"replies":[{"embeddable":true,"href":"https:\/\/www.upi.fi\/index.php?rest_route=%2Fwp%2Fv2%2Fcomments&post=1666"}],"version-history":[{"count":3,"href":"https:\/\/www.upi.fi\/index.php?rest_route=\/wp\/v2\/pages\/1666\/revisions"}],"predecessor-version":[{"id":1677,"href":"https:\/\/www.upi.fi\/index.php?rest_route=\/wp\/v2\/pages\/1666\/revisions\/1677"}],"wp:attachment":[{"href":"https:\/\/www.upi.fi\/index.php?rest_route=%2Fwp%2Fv2%2Fmedia&parent=1666"}],"curies":[{"name":"wp","href":"https:\/\/api.w.org\/{rel}","templated":true}]}}