{"id":1226,"date":"2020-05-15T11:29:51","date_gmt":"2020-05-15T09:29:51","guid":{"rendered":"http:\/\/www.upi.fi\/?page_id=1226"},"modified":"2020-06-01T19:15:08","modified_gmt":"2020-06-01T16:15:08","slug":"upi-ryn-ansio-ja-harrastusmerkkisaannot","status":"publish","type":"page","link":"https:\/\/www.upi.fi\/?page_id=1226","title":{"rendered":"UPI RY:N ANSIO JA HARRASTUSMERKKIS\u00c4\u00c4NN\u00d6T"},"content":{"rendered":"<p>UPI RY \u00a0 S\u00c4\u00c4NN\u00d6T \u00a0 \u00a0 \u00a0 \u00a0 Ansio- ja harrastusmerkit \u00a0 \u00a0 \u00a0 \u00a0 29.3.1995<\/p>\n<p>UPI RY:N ANSIO JA HARRASTUSMERKKIS\u00c4\u00c4NN\u00d6T<\/p>\n<p>1. \u00a0 Yhdistyksen ansiomerkki ja harrastusmerkki annetaan ansioista UPI ry:n toiminnassa. Niiden tarkoituksena on olla tunnuksenosoituksena asianomaiselle ja samalla yhdistyksen ty\u00f6n tunnetuksi tekij\u00e4n\u00e4 sek\u00e4 kannustaa merkkiensaajia jatkuvaan ty\u00f6h\u00f6n yhdistyksen toimintaperiaatteiden hyv\u00e4ksi.<\/p>\n<p>Ansiomerkit<\/p>\n<p>2. \u00a0 UPI ry:n rinnassa kannettavaksi tarkoitettu ansiomerkki on seppeleen ymp\u00e4r\u00f6im\u00e4 ja siivill\u00e4 varustettu UPI:n merkki. Ansiomerkkej\u00e4 on kaksi: kultainen ja hopeinen.<\/p>\n<p>3. \u00a0 UPI:n hallitus my\u00f6nt\u00e4\u00e4 yhdistyksen ansiomerkit. Ne annetaan ansiomerkin saajille hallituksen m\u00e4\u00e4r\u00e4\u00e4m\u00e4ss\u00e4 tilaisuudessa. Merkkien jaossa noudatetaan periaatetta, ett\u00e4 asianomaisella on oltava UPI:n hopeinen ansiomerkki ennen kuin h\u00e4nelle voidaan antaa kultainen ansiomerkki.<\/p>\n<p>4. \u00a0 Ansiomerkit maksetaan yhdistyksen varoista<\/p>\n<p>Kultainen ansiomerkki<\/p>\n<p>5. \u00a0 Henkil\u00f6lle, joka on tuloksia tuottavalla tavalla ottanut aktiivisesti osaa UPI:n johtoelimien toimintaan usean vuoden aikana, voidaan my\u00f6nt\u00e4\u00e4 kultainen ansiomerkki. T\u00e4ll\u00f6in h\u00e4nen on saatava v\u00e4hint\u00e4\u00e4n kaksikymment\u00e4 (20) pistett\u00e4 seuraavassa kohdassa mainitulla tavalla.<\/p>\n<p>6. \u00a0 Kultaisella ansiomerkki\u00e4 varten annetaan eri teht\u00e4viss\u00e4 seuraavasti: Kutakin yhdistyksen toimintavuotta kohden, jolloin asianomainen on aktiivisesti ottanut osaa yhdistyksen toimintaan:<\/p>\n<p>Hallituksen puheenjohtaja 4.0 pistett\u00e4<br \/>\nHallituksen varapuheenjohtaja 3.0 pistett\u00e4<br \/>\nHallituksen j\u00e4sen 2,5 pistett\u00e4<br \/>\nYhdistyksen sihteeri, tiedottaja 3.0 pistett\u00e4<br \/>\nYhdistyksen rahastonhoitaja, kirjanpit\u00e4j\u00e4 3.0 pistett\u00e4<br \/>\nJaoston puheenjohtaja 2.0 pistett\u00e4<br \/>\nJaoston sihteeri 1,5 pistett\u00e4<br \/>\nJaoston j\u00e4sen 1.0 pistett\u00e4<br \/>\nHarrastusta vaativista luottamusteht\u00e4vist\u00e4 yhdistyksen toiminnassa 1.0 pistett\u00e4<br \/>\nInnokkaasta osallistumisesta yhdistyksen tapahtumiin 1.0 pistett\u00e4<br \/>\nKahdesta eri toiminnasta ei samana vuonna voi saada pisteit\u00e4.<\/p>\n<p>7. \u00a0 Kultainen ansiomerkki voidaan my\u00f6s hallituksen harkinnan mukaan my\u00f6nt\u00e4\u00e4 henkil\u00f6lle, joka on ansioituneesti toiminut yhdistyksen s\u00e4\u00e4nn\u00f6iss\u00e4 m\u00e4\u00e4riteltyjen ja tarkoitusten toteuttamisessa. asian esittelee hallituksen puheenjohtaja.<\/p>\n<p>Hopeinen ansiomerkki<\/p>\n<p>8. \u00a0 Henkil\u00f6lle, joka aktiivisesti ottanut osaa yhdistyksen luottamusteht\u00e4vien hoitoon usean vuoden ajan ja saanut v\u00e4hint\u00e4\u00e4n kaksikymment\u00e4 (20) pistett\u00e4 seuraavassa kohdassa mainitulla tavalla, voidaan my\u00f6nt\u00e4\u00e4\u00a0 hopeinen ansiomerkki.<\/p>\n<p>9. \u00a0 Hopeista ansiomerkki\u00e4 varten annetaan eri teht\u00e4vist\u00e4 pisteit\u00e4 seuraavasti:\u00a0 Kutakin yhdistyksen toimintavuotta kohden kohdassa 6. mainituista teht\u00e4vist\u00e4 siin\u00e4 mainitut pistem\u00e4\u00e4r\u00e4t kaksinkertaistuvat. Kahdesta eri toiminnasta ei samana vuonna voi saada pisteit\u00e4.<\/p>\n<p>10. \u00a0 Hopeinen ansiomerkki voidaan my\u00f6s esitt\u00e4\u00e4 my\u00f6nnett\u00e4v\u00e4ksi henkil\u00f6lle, joka on ansioitunut s\u00e4\u00e4nn\u00f6iss\u00e4 m\u00e4\u00e4ritellyn yhdistyksen tarkoituksen toteuttamisessa. Asian esittelee hallituksen puheenjohtaja. \u00a0 \u00a0 \u00a0 \u00a0 \u00a0 \u00a0 \u00a0 \u00a0 \u00a0 Harrastusmerkki<\/p>\n<p>11. \u00a0 Yhdistyksen harrastusmerkki on UPI:n pienoiskokoinen rintaneulamerkki.<\/p>\n<p>12. \u00a0 UPI:n j\u00e4seneksi kuuluvien yritysten tai yhteis\u00f6jen henkil\u00f6ille (UPI:laisille) yhdistysten hallitus voi my\u00f6nt\u00e4\u00e4 harrastusmerkin seuraavin perustein: &#8211; Asianomainen on ottanut osaa yhdistyksen toimintaan v\u00e4hint\u00e4\u00e4n kymmenen (10) vuotta. &#8211; Asianomainen on erityisesti kunnostautunut yhdistyksen ty\u00f6ss\u00e4.<\/p>\n<p>13. \u00a0 J\u00e4senist\u00f6n on toimitettava harrastusmerkkiehdotukset yhdistyksen hallitukselle vuosittain tammikuun 31.p\u00e4iv\u00e4\u00e4n menness\u00e4.<\/p>\n<p>14. \u00a0 Yhdistyksen hallitus voi harkintansa mukaan my\u00f6nt\u00e4\u00e4 yhdistyksen harrastusmerkin my\u00f6s henkil\u00f6lle, joka ei ole osallistunut varsinaiseen yhdistyksen toimintaa, mutta on ansioituneesti toiminut yhdistyksen hyv\u00e4ksi.<\/p>\n<p>15. \u00a0 Harrastusmerkit maksetaan yhdistyksen varoista, mik\u00e4li hallitus ei\u00a0 toisin p\u00e4\u00e4t\u00e4. Uuden merkin lunastaminen<\/p>\n<p>16. \u00a0 Jos yhdistyksen ansio- tai harrastusmerkin saanut henkil\u00f6 kadottaa merkkins\u00e4, h\u00e4n on oikeutettu lunastamaan itselleen uuden. Anomus j\u00e4tet\u00e4\u00e4n kirjallisena yhdistyksen hallitukselle.<\/p>\n<p>17. \u00a0 N\u00e4m\u00e4 s\u00e4\u00e4nn\u00f6t ja niihin teht\u00e4v\u00e4t muutokset hyv\u00e4ksyy UPI:n hallitus.<\/p>\n<p>Helsingiss\u00e4 maaliskuun 28 p\u00e4iv\u00e4n\u00e4 1995<\/p>\n","protected":false},"excerpt":{"rendered":"<p>UPI RY \u00a0 S\u00c4\u00c4NN\u00d6T \u00a0 \u00a0 \u00a0 \u00a0 Ansio- ja harrastusmerkit \u00a0 \u00a0 \u00a0 \u00a0 29.3.1995 UPI RY:N ANSIO JA HARRASTUSMERKKIS\u00c4\u00c4NN\u00d6T 1. \u00a0 Yhdistyksen ansiomerkki ja harrastusmerkki annetaan ansioista UPI ry:n toiminnassa. Niiden tarkoituksena on olla tunnuksenosoituksena asianomaiselle ja samalla yhdistyksen ty\u00f6n tunnetuksi tekij\u00e4n\u00e4 sek\u00e4 kannustaa merkkiensaajia jatkuvaan ty\u00f6h\u00f6n yhdistyksen toimintaperiaatteiden hyv\u00e4ksi. Ansiomerkit 2. \u00a0 [&hellip;]<\/p>\n","protected":false},"author":1,"featured_media":0,"parent":0,"menu_order":0,"comment_status":"closed","ping_status":"closed","template":"","meta":{"footnotes":""},"class_list":["post-1226","page","type-page","status-publish","hentry"],"_links":{"self":[{"href":"https:\/\/www.upi.fi\/index.php?rest_route=\/wp\/v2\/pages\/1226","targetHints":{"allow":["GET"]}}],"collection":[{"href":"https:\/\/www.upi.fi\/index.php?rest_route=\/wp\/v2\/pages"}],"about":[{"href":"https:\/\/www.upi.fi\/index.php?rest_route=\/wp\/v2\/types\/page"}],"author":[{"embeddable":true,"href":"https:\/\/www.upi.fi\/index.php?rest_route=\/wp\/v2\/users\/1"}],"replies":[{"embeddable":true,"href":"https:\/\/www.upi.fi\/index.php?rest_route=%2Fwp%2Fv2%2Fcomments&post=1226"}],"version-history":[{"count":3,"href":"https:\/\/www.upi.fi\/index.php?rest_route=\/wp\/v2\/pages\/1226\/revisions"}],"predecessor-version":[{"id":1310,"href":"https:\/\/www.upi.fi\/index.php?rest_route=\/wp\/v2\/pages\/1226\/revisions\/1310"}],"wp:attachment":[{"href":"https:\/\/www.upi.fi\/index.php?rest_route=%2Fwp%2Fv2%2Fmedia&parent=1226"}],"curies":[{"name":"wp","href":"https:\/\/api.w.org\/{rel}","templated":true}]}}