{"id":1211,"date":"2020-05-15T11:24:51","date_gmt":"2020-05-15T09:24:51","guid":{"rendered":"http:\/\/www.upi.fi\/?page_id=1211"},"modified":"2020-06-01T19:18:27","modified_gmt":"2020-06-01T16:18:27","slug":"toimintasuunnitelma","status":"publish","type":"page","link":"https:\/\/www.upi.fi\/?page_id=1211","title":{"rendered":"Toimintasuunnitelma"},"content":{"rendered":"<p><span style=\"font-family: Verdana; font-size: small;\"><strong>&#8211; TAMMIKUU 2013<\/strong><\/span><\/p>\n<p>Koripallosarja jatkuu<br \/>\nS\u00e4hlysarja jatkuu<br \/>\n14. 1. UPI ry 88 v.<\/p>\n<p><span style=\"font-size: small;\"><strong>&#8211; HELMIKUU<\/strong><\/span><\/p>\n<p><span style=\"font-size: small;\">Koripallosarja jatkuu<br \/>\nS\u00e4hlysarja jatkuu<br \/>\nKeiKa Hiihto<br \/>\nKeiKa Sprinttiviesti<\/span><\/p>\n<p><span style=\"font-size: small;\"><strong>&#8211; MAALISKUU<br \/>\n<\/strong><br \/>\nS\u00e4hlysarja jatkuu<br \/>\nFutsal-turnaus<br \/>\nKoriksen seuraavan kauden sarjaj\u00e4rjestelyt kunnossa<br \/>\nUPIn kev\u00e4tkokous<\/span><\/p>\n<p><span style=\"font-size: small;\"><strong>&#8211; TOUKOKUU<\/strong><\/span><\/p>\n<p><span style=\"font-size: small;\">Jalkapallosarja alkaa<br \/>\nMaastojuoksut, KeiKa<br \/>\nSuunnistus<br \/>\nPetanque-turnaus<\/span><\/p>\n<p><span style=\"font-size: small;\"><strong>&#8211; KES\u00c4KUU<\/strong><\/span><\/p>\n<p><span style=\"font-size: small;\">Jalkapallosarja jatkuu<br \/>\nBeach Volley-turnaus<\/span><\/p>\n<p><span style=\"font-size: small;\"><strong>&#8211; ELOKUU<\/strong><\/span><\/p>\n<p><span style=\"font-size: small;\">Jalkapallosarja jatkuu<br \/>\nYleisurheilukilpailut<\/span><\/p>\n<p><span style=\"font-size: small;\"><strong>&#8211; SYYSKUU<\/strong><\/span><\/p>\n<p><span style=\"font-size: small;\">Jalkapallosarja jatkuu<\/span><\/p>\n<p><span style=\"font-size: small;\"><strong>&#8211; LOKAKUU<\/strong><\/span><\/p>\n<p><span style=\"font-size: small;\">Koripallosarja alkaa<br \/>\nS\u00e4hlysarja alkaa<br \/>\nHallibiitsiturnaus<\/span><\/p>\n<p><span style=\"font-size: small;\"><strong>&#8211; MARRASKUU<\/strong><\/span><\/p>\n<p><span style=\"font-size: small;\">Koripallosarja jatkuu<br \/>\nS\u00e4hlysarja jatkuu<br \/>\nUPIn syyskokous<\/span><\/p>\n<p><span style=\"font-size: small;\"><strong>&#8211; JOULUKUU<\/strong><\/span><\/p>\n<p><span style=\"font-size: small;\">Koripallosarja jatkuu<br \/>\nS\u00e4hlysarja jatkuu<br \/>\nKeilailun kinkkukisa<\/span><\/p>\n<p>&nbsp;<\/p>\n","protected":false},"excerpt":{"rendered":"<p>&#8211; TAMMIKUU 2013 Koripallosarja jatkuu S\u00e4hlysarja jatkuu 14. 1. UPI ry 88 v. &#8211; HELMIKUU Koripallosarja jatkuu S\u00e4hlysarja jatkuu KeiKa Hiihto KeiKa Sprinttiviesti &#8211; MAALISKUU S\u00e4hlysarja jatkuu Futsal-turnaus Koriksen seuraavan kauden sarjaj\u00e4rjestelyt kunnossa UPIn kev\u00e4tkokous &#8211; TOUKOKUU Jalkapallosarja alkaa Maastojuoksut, KeiKa Suunnistus Petanque-turnaus &#8211; KES\u00c4KUU Jalkapallosarja jatkuu Beach Volley-turnaus &#8211; ELOKUU Jalkapallosarja jatkuu Yleisurheilukilpailut &#8211; [&hellip;]<\/p>\n","protected":false},"author":1,"featured_media":0,"parent":0,"menu_order":0,"comment_status":"closed","ping_status":"closed","template":"","meta":{"footnotes":""},"class_list":["post-1211","page","type-page","status-publish","hentry"],"_links":{"self":[{"href":"https:\/\/www.upi.fi\/index.php?rest_route=\/wp\/v2\/pages\/1211","targetHints":{"allow":["GET"]}}],"collection":[{"href":"https:\/\/www.upi.fi\/index.php?rest_route=\/wp\/v2\/pages"}],"about":[{"href":"https:\/\/www.upi.fi\/index.php?rest_route=\/wp\/v2\/types\/page"}],"author":[{"embeddable":true,"href":"https:\/\/www.upi.fi\/index.php?rest_route=\/wp\/v2\/users\/1"}],"replies":[{"embeddable":true,"href":"https:\/\/www.upi.fi\/index.php?rest_route=%2Fwp%2Fv2%2Fcomments&post=1211"}],"version-history":[{"count":4,"href":"https:\/\/www.upi.fi\/index.php?rest_route=\/wp\/v2\/pages\/1211\/revisions"}],"predecessor-version":[{"id":1316,"href":"https:\/\/www.upi.fi\/index.php?rest_route=\/wp\/v2\/pages\/1211\/revisions\/1316"}],"wp:attachment":[{"href":"https:\/\/www.upi.fi\/index.php?rest_route=%2Fwp%2Fv2%2Fmedia&parent=1211"}],"curies":[{"name":"wp","href":"https:\/\/api.w.org\/{rel}","templated":true}]}}