{"id":1208,"date":"2020-05-15T11:24:50","date_gmt":"2020-05-15T09:24:50","guid":{"rendered":"http:\/\/www.upi.fi\/?page_id=1208"},"modified":"2020-05-15T11:27:46","modified_gmt":"2020-05-15T09:27:46","slug":"upi-ryn-saannot","status":"publish","type":"page","link":"https:\/\/www.upi.fi\/?page_id=1208","title":{"rendered":"Upi ry:n s\u00e4\u00e4nn\u00f6t"},"content":{"rendered":"\n<p>1 \u00a7 NIMI JA KOTIPAIKKA<\/p>\n\n\n\n<p>Yhdistyksen nimi on UPI ry ja sen kotipaikka on Helsinki.<\/p>\n\n\n\n<p>2 \u00a7 TARKOITUS JA TOIMINNAN LAATU<\/p>\n\n\n\n<p>Yhdistyksen tarkoituksena on her\u00e4tt\u00e4\u00e4 harrastusta ja kiinnostusta ty\u00f6paikkaurheiluun ja liikuntatoimintaan, sek\u00e4 olla yhdyssiteen\u00e4 j\u00e4senyritysten, -yhteis\u00f6jen, sek\u00e4 niiden palveluksessa olevien henkil\u00f6iden kesken.<br>Tarkoituksensa toteuttamiseksi yhdistys harjoittaa valistus- ja kasvatusty\u00f6t\u00e4 levitt\u00e4m\u00e4ll\u00e4 urheiluaiheisia julkaisuja ja j\u00e4rjest\u00e4\u00e4 harjoituksia, kilpailuja, juhlia sek\u00e4 valistus- ja huvitilaisuuksia.<br>Toimintansa tukemiseksi yhdistys voi ottaa vastaan lahjoituksia ja testamentteja, omistaa toimintaansa varten tarpeellista kiinte\u00e4\u00e4 ja irtainta omaisuutta sek\u00e4 toimeenpanna asianomaisen luvan saatuaan arpajaisia ja rahanker\u00e4yksi\u00e4.<\/p>\n\n\n\n<p>3 \u00a7 J\u00c4SENET<br><br>Yhdistyksen varsinaiseksi j\u00e4seneksi p\u00e4\u00e4see 2 \u00a7:ssa mainituin edellytyksin oikeuskelpoinen yhteis\u00f6, yritys ja s\u00e4\u00e4ti\u00f6 sek\u00e4 kannatusj\u00e4seneksi henkil\u00f6 ja oikeuskelpoinen yhteis\u00f6, joka haluaa tukea yhdistyksen toimintaa, jonka yhdistyksen hallitus hyv\u00e4ksyy. J\u00e4senell\u00e4 on oikeus erota yhdistyksest\u00e4 ilmoittamalla siit\u00e4 kirjallisesti hallitukselle tai sen puheenjohtajalle taikka ilmoittamalla siit\u00e4 yhdistyksen kokouksen p\u00f6yt\u00e4kirjaan.<br>Yhdistyksen hallitus voi erottaa j\u00e4senen, joka<br><br>1) on j\u00e4tt\u00e4nyt t\u00e4ytt\u00e4m\u00e4tt\u00e4 ne velvoitukset joihin on yhdistykseen liittym\u00e4ll\u00e4 sitoutunut;<br><br>2) on menettelyll\u00e4\u00e4n yhdistyksess\u00e4 tai sen ulkopuolella huomattavasti vahingoittanut yhdistyst\u00e4; tai<br><br>3) ei en\u00e4\u00e4 t\u00e4yt\u00e4 laissa tai s\u00e4\u00e4nn\u00f6iss\u00e4 olevia j\u00e4senyyden ehtoja.<\/p>\n\n\n\n<p>4 \u00a7 J\u00c4SENMAKSUT JA \u00c4\u00c4NIOIKEUDET<br><br>Varsinaisilta- ja kannatusj\u00e4senilt\u00e4 peritt\u00e4v\u00e4n vuotuisen j\u00e4senmaksun p\u00e4\u00e4tt\u00e4\u00e4 syyskokous.<br>Varsinaisten j\u00e4senten \u00e4\u00e4nim\u00e4\u00e4r\u00e4t ovat:<br>yritykset, yhteis\u00f6t ja s\u00e4\u00e4ti\u00f6y joissa on 1-20 ty\u00f6ntekij\u00e4\u00e4 3 \u00e4\u00e4nt\u00e4,<br>yritykset, yhteis\u00f6t ja s\u00e4\u00e4ti\u00f6t joissa on 21-100 ty\u00f6ntekij\u00e4\u00e4 5 \u00e4\u00e4nt\u00e4,<br>yritykset, yhteis\u00f6t ja s\u00e4\u00e4ti\u00f6tjoissa on alle 1000 ty\u00f6ntekij\u00e4\u00e4 8 \u00e4\u00e4nt\u00e4,<br>konserniyritykset, yhteis\u00f6t ja s\u00e4\u00e4ti\u00f6t yli 1001 ty\u00f6ntekij\u00e4\u00e4 12 \u00e4\u00e4nt\u00e4,<br>kannatusj\u00e4sen yksi (1) \u00e4\u00e4ni.<\/p>\n\n\n\n<p><br>5 \u00a7 HALLITUS<br><br>Yhdistyksen asioita hoitaa hallitus, johon kuuluvat puheenjohtaja ja kuusi (6) varsinaista sek\u00e4 2-6 varaj\u00e4sent\u00e4. Hallituksen puheenjohtaja ja j\u00e4senet valitaan yhdistyksen syyskokouksessa kahdeksi (2) seuraavaksi kalenterivuodeksi. Hallituksen j\u00e4senist\u00e4 ovat vuosittain erovuorossa ne kolme varsinaista j\u00e4sent\u00e4 ja 1-3 varaj\u00e4sent\u00e4, joiden toimikausi on kest\u00e4nyt kaksi vuotta. Toimitettaessa hallituksen j\u00e4senten valintaa ensimm\u00e4isen kerran t\u00e4m\u00e4n pyk\u00e4l\u00e4n mukaisesti m\u00e4\u00e4r\u00e4t\u00e4\u00e4n kaikkien j\u00e4senten erovuoroisuus arpomalla. Hallitus valitsee keskuudestaan varapuheenjohtajan sek\u00e4 valitsee sihteerin, rahastonhoitajan, tarvittaessa toiminnanjohtajan ja muut toimihenkil\u00f6t.<br>Hallitus kokoontuu puheenjohtajan tai h\u00e4nen estyneen\u00e4 ollessa varapuheenjohtajan kutsusta, kun he katsovat siihen olevan aihetta tai kun v\u00e4hint\u00e4\u00e4n nelj\u00e4 (4) hallituksen j\u00e4sent\u00e4 sit\u00e4 vaatii.<br>Hallitus on p\u00e4\u00e4t\u00f6svaltainen, kun v\u00e4hint\u00e4\u00e4n puolet sen j\u00e4senist\u00e4, puheenjohtaja tai varapuheenjohtaja mukaan luettuna on l\u00e4sn\u00e4.<br>Asiat ratkaistaan yksinkertaisella \u00e4\u00e4ntenenemmist\u00f6ll\u00e4. \u00c4\u00e4nten menness\u00e4 tasan ratkaisee puheenjohtajan mielipide. Vaaleissa kuitenkin arpa.<br><br>Hallituksen teht\u00e4v\u00e4n\u00e4 on:<br><br>1. Toimia ylimp\u00e4n\u00e4 toimeenpanevana ja valvovana elimen\u00e4 niin, ett\u00e4 tarkoituksen ja tavoitteiden mukaiset toiminnat toteutetaan suunnitelmien mukaisesti.<br>2. Olla vastuussa toiminnasta lakien ja asetusten mukaisesti.<br>3. Suunnitella ja kehitt\u00e4\u00e4 yhdistyksen kokonaistoimintaa sek\u00e4 johtaa toimintaa tarkoituksen ja tavoitteiden mukaisesti.<br>4. Vahvistaa teht\u00e4v\u00e4jaon keskuudessaan sek\u00e4 asettaa yhdistyskokouksen p\u00e4\u00e4tt\u00e4mi\u00e4 urheilumuotoja varten jaostot suorittamaan niille m\u00e4\u00e4r\u00e4ttyj\u00e4 hallitukselle vastuullisia teht\u00e4vi\u00e4 sek\u00e4 valita jaostojen j\u00e4senet vuodeksi kerrallaan. Jaoston teht\u00e4v\u00e4n\u00e4 on oman urheilumuotonsa kohdalla avustaa hallitusta asioiden hoidossa ja valmisteluissa sek\u00e4 tehd\u00e4 esityksi\u00e4 urheilumuotonsa toiminnan kehitt\u00e4miseksi.<br>5. Vastata ulkopuolelle suuntautuvasta toiminnasta<br>6. Vastata yhdistyksen kokousten antamista velvoitteista<br>7. Pit\u00e4\u00e4 j\u00e4senluetteloa<br>8. Hoitaa yhdistyksen taloutta<br>9. Hoitaa tiedotustoimintaa<br>10. Hyv\u00e4ksy\u00e4 ja erottaa j\u00e4senet<br>11. Valita tarvittaessa sek\u00e4 erottaa palkatut toimihenkilot sek\u00e4 sopia heid\u00e4n eduistaan<br>12. P\u00e4\u00e4tt\u00e4\u00e4 ansiomerkkien my\u00f6nt\u00e4misest\u00e4 ja muiden kunnia- ja ansiomerkkien esitt\u00e4misest\u00e4<br>13. Ryhty\u00e4 kaikkiin niihin toimenpiteisiin, joita yhdistyksen etu vaatii<br>14. Luovuttaa tilit tilintarkastajille tarkastettavaksi v\u00e4hint\u00e4\u00e4n kolme viikkoa ennen kev\u00e4tkokousta.<br><br>6 \u00a7 NIMEN KIRJOITTAMINEN<br><br>Yhdistyksen nimen kirjoittavat hallituksen puheenjohtaja, varapuheenjohtaja, toiminnanjohtaja ja rahastonhoitaja kukin yksin<br>Lis\u00e4ksi hallituksen m\u00e4\u00e4r\u00e4\u00e4m\u00e4t muut toimihenkil\u00f6t kaksi yhdess\u00e4.<br><br>7 \u00a7 TILIT<br><br>Yhdistyksen tilikausi on kalenterivuosi.<br>Tilinp\u00e4\u00e4t\u00f6s tarvittavine asiakirjoineen ja hallituksen vuosikertomus on annettava tilintarkastajille viimeist\u00e4\u00e4n kaksi viikkoa ennen kev\u00e4tkokousta.<br>Tilintarkastajien tulee antaa kirjallinen lausuntonsa hallitukselle viimeist\u00e4\u00e4n kaksi viikkoa ennen kev\u00e4tkokousta.<br><br>8 \u00a7 KOKOUSTEN KOOLLEKUTSUMINEN<br><br>Yhdistyksen kokoukset kutsuu koolle hallitus. Kokouskutsu on toimitettava viimeist\u00e4\u00e4n seitsem\u00e4n (7) p\u00e4iv\u00e4\u00e4 ennen kokousta joko l\u00e4hett\u00e4m\u00e4ll\u00e4 kutsu kirjallisena tai s\u00e4hk\u00f6postilla kullekin j\u00e4senelle tai julkaisemalla kutsu yhdistyksen kotipaikkakunnalla ilmestyv\u00e4ss\u00e4 sanomalehdess\u00e4.<br><br>9 \u00a7 KOKOUKSET<br><br>Yhdistys pit\u00e4\u00e4 vuosittain kaksi varsinaista kokousta, joista kev\u00e4tkokous pidet\u00e4\u00e4n maaliskuussa ja syyskokous marraskuussa.<br>Kokouksen paikan ja tarkemman ajan m\u00e4\u00e4r\u00e4\u00e4 hallitus.<br>Ylim\u00e4\u00e4r\u00e4inen kokous pidet\u00e4\u00e4n, kun hallitus katsoo siihen olevan aihetta tai kun v\u00e4hint\u00e4\u00e4n kymmenesosa (1\/10) yhdistyksen \u00e4\u00e4nioikeutetuista j\u00e4senist\u00e4 sit\u00e4 hallitukselta erityisesti ilmoitettua asiaa varten, kirjallisesti vaatii. Kokous on pidett\u00e4v\u00e4 30 p\u00e4iv\u00e4n kuluessa vaatimuksen esitt\u00e4misest\u00e4. P\u00e4\u00e4t\u00f6kset yhdistyskokouksissa tehd\u00e4\u00e4n yksinkertaisella \u00e4\u00e4nten enemmist\u00f6ll\u00e4. \u00c4\u00e4nten menness\u00e4 tasan ratkaisee vaaleissa arpa ja muissa asioissa puheenjohtajan \u00e4\u00e4ni.<br>Kev\u00e4tkokouksessa k\u00e4sitell\u00e4\u00e4n<br>1. Valitaan kokouksen puheenjohtaja, sihteeri, kaksi p\u00f6yt\u00e4kirjan tarkastajaa ja \u00e4\u00e4ntenlaskijat<br>2. Todetaan kokouksen laillisuus ja p\u00e4\u00e4t\u00f6svaltaisuus<br>3. Hyv\u00e4ksyt\u00e4\u00e4n kokouksen ty\u00f6j\u00e4rjestys<br>4. Esitet\u00e4\u00e4n hallituksen laatima toimintakertomus, tilinp\u00e4\u00e4t\u00f6s ja tilintarkastajien lausunto sek\u00e4 vahvistetaan tilinp\u00e4\u00e4t\u00f6s<br>5. P\u00e4\u00e4tet\u00e4\u00e4n vastuuvapauden my\u00f6nt\u00e4misest\u00e4 hallitukselle<br>6. K\u00e4sitell\u00e4\u00e4n mahdolliset muut kokouskutsussa mainitut asiat<br><br>Syyskokouksessa k\u00e4sitell\u00e4\u00e4n<br>1. Valitaan kokouksen puheenjohtaja, sihteeri, kaksi p\u00f6yt\u00e4kirjan tarkastajaa ja \u00e4\u00e4ntenlaskijat<br>2. Todetaan kokouksen laillisuus ja p\u00e4\u00e4t\u00f6svaltaisuus<br>3. Hyv\u00e4ksyt\u00e4\u00e4n kokouksen ty\u00f6j\u00e4rjestys<br>4. Vahvistetaan j\u00e4senmaksun suuruus<br>5. Vahvistetaan hallituksen laatima toimintasuunnitelma ja talousarvio tulevalle vuodelle<br>6. Toimitetaan hallituksen puheenjohtajan vaali joka toinen vuosi<br>7. Toimitetaan kolmen (3) erovuoroisen hallituksen varsinaisen j\u00e4senen ja kolmen varaj\u00e4senen vaali<br>8. Toimitetaan kahden (2) tilintarkastajan ja heid\u00e4n varamiestens\u00e4 vaali<br>9. P\u00e4\u00e4tet\u00e4\u00e4n, miss\u00e4 lehdess\u00e4 kokouskutsut julkaistaan<br>10.K\u00e4sitell\u00e4\u00e4n mahdolliset muut kokouskutsussa mainitut asiat<br>Yhdistyksen varsinaisissa kokouksissa k\u00e4sitelt\u00e4v\u00e4ksi haluttu asia on esitett\u00e4v\u00e4 kirjallisesti hallitukselle viimeist\u00e4\u00e4n kuukautta ennen kokousta.<br><br>10 \u00a7 S\u00c4\u00c4NT\u00d6JEN MUUTTAMINEN JA YHDISTYKSEN PURKAMINEN<br><br>P\u00e4\u00e4t\u00f6s s\u00e4\u00e4nt\u00f6jen muuttamisesta tai yhdistyksen purkamisesta on teht\u00e4v\u00e4 yhdistyksen kokouksessa v\u00e4hint\u00e4\u00e4n kolmen nelj\u00e4sosan (3\/4) enemmist\u00f6ll\u00e4 annetuista \u00e4\u00e4nist\u00e4.<br>Kokouskutsussa on mainittava s\u00e4\u00e4nt\u00f6jen muuttamisesta tai yhdistyksen purkamisesta.<br>Yhdistyksen purkautuessa k\u00e4ytet\u00e4\u00e4n yhdistyksen j\u00e4ljelle j\u00e4\u00e4neet varat yhdistyksen tarkoituksen edist\u00e4miseen purkamisesta p\u00e4\u00e4tt\u00e4v\u00e4n kokouksen m\u00e4\u00e4r\u00e4\u00e4m\u00e4ll\u00e4 tavalla. Yhdistyksen tullessa lakkautetuksi k\u00e4ytet\u00e4\u00e4n varat samaan tarkoitukseen.<br>Voimassa 1. 1. 2010 alkaen.<\/p>\n\n\n\n<p><\/p>\n\n\n\n<p><\/p>\n","protected":false},"excerpt":{"rendered":"<p>1 \u00a7 NIMI JA KOTIPAIKKA Yhdistyksen nimi on UPI ry ja sen kotipaikka on Helsinki. 2 \u00a7 TARKOITUS JA TOIMINNAN LAATU Yhdistyksen tarkoituksena on her\u00e4tt\u00e4\u00e4 harrastusta ja kiinnostusta ty\u00f6paikkaurheiluun ja liikuntatoimintaan, sek\u00e4 olla yhdyssiteen\u00e4 j\u00e4senyritysten, -yhteis\u00f6jen, sek\u00e4 niiden palveluksessa olevien henkil\u00f6iden kesken.Tarkoituksensa toteuttamiseksi yhdistys harjoittaa valistus- ja kasvatusty\u00f6t\u00e4 levitt\u00e4m\u00e4ll\u00e4 urheiluaiheisia julkaisuja ja j\u00e4rjest\u00e4\u00e4 harjoituksia, kilpailuja, [&hellip;]<\/p>\n","protected":false},"author":1,"featured_media":0,"parent":0,"menu_order":0,"comment_status":"closed","ping_status":"closed","template":"","meta":{"footnotes":""},"class_list":["post-1208","page","type-page","status-publish","hentry"],"_links":{"self":[{"href":"https:\/\/www.upi.fi\/index.php?rest_route=\/wp\/v2\/pages\/1208","targetHints":{"allow":["GET"]}}],"collection":[{"href":"https:\/\/www.upi.fi\/index.php?rest_route=\/wp\/v2\/pages"}],"about":[{"href":"https:\/\/www.upi.fi\/index.php?rest_route=\/wp\/v2\/types\/page"}],"author":[{"embeddable":true,"href":"https:\/\/www.upi.fi\/index.php?rest_route=\/wp\/v2\/users\/1"}],"replies":[{"embeddable":true,"href":"https:\/\/www.upi.fi\/index.php?rest_route=%2Fwp%2Fv2%2Fcomments&post=1208"}],"version-history":[{"count":2,"href":"https:\/\/www.upi.fi\/index.php?rest_route=\/wp\/v2\/pages\/1208\/revisions"}],"predecessor-version":[{"id":1223,"href":"https:\/\/www.upi.fi\/index.php?rest_route=\/wp\/v2\/pages\/1208\/revisions\/1223"}],"wp:attachment":[{"href":"https:\/\/www.upi.fi\/index.php?rest_route=%2Fwp%2Fv2%2Fmedia&parent=1208"}],"curies":[{"name":"wp","href":"https:\/\/api.w.org\/{rel}","templated":true}]}}