{"id":1011,"date":"2020-01-22T16:56:04","date_gmt":"2020-01-22T14:56:04","guid":{"rendered":"http:\/\/www.upi.fi\/?page_id=1011"},"modified":"2020-01-22T16:57:30","modified_gmt":"2020-01-22T14:57:30","slug":"tietoa-upi-rysta","status":"publish","type":"page","link":"https:\/\/www.upi.fi\/?page_id=1011","title":{"rendered":"TIETOA UPI RY:ST\u00c4"},"content":{"rendered":"\n<figure class=\"wp-block-table\"><table class=\"\"><tbody><tr><td><strong>Tiesitk\u00f6?<\/strong><br><br>&#8211; ett\u00e4 UPI:n jalkapallo-otteluja vuonna 1934 seurasi 45 000 henke\u00e4 \u2013 osapuilleen sama m\u00e4\u00e4r\u00e4 kuin Suomen mestaruussarjan yhteenlaskettu katsojam\u00e4\u00e4r\u00e4 edellisen\u00e4 vuonna.<br><br>&#8211; ett\u00e4 Kallion kent\u00e4ll\u00e4 oli joskus jopa nelj\u00e4 viisituhatta katsojaa, kun UPI:n parhaat joukkueet kamppailivat jalkapallon kimpussa<br><br>&#8211; ett\u00e4 tohtori Sakari P\u00e4lsi toimi l\u00e4hett\u00e4j\u00e4n\u00e4 UPI:n hiihtokisoissa vuonna 1926 Kalastajatorpan j\u00e4\u00e4ll\u00e4, mutta kun pyssyn panokset oli vahingossa otettu v\u00e4\u00e4r\u00e4st\u00e4 \u201dfrakista\u201d t\u00e4ytyi l\u00e4ht\u00f6merkki antaa k\u00e4dell\u00e4 huitaisten.<br><br>&#8211; ett\u00e4 kes\u00e4kuun 6. p\u00e4iv\u00e4n\u00e4 vuonna 1934 seurasi UPI:n puulaakiviestej\u00e4 El\u00e4intarhankent\u00e4ll\u00e4 4000 katsojaa, tavattoman innostunutta katsojaa, kertovat asiakirjat. Poliisilaitoksen joukkue saavutti uuden enn\u00e4tyksen 5 x 1000 metrill\u00e4 \u2013 13,14,3<br><br>&#8211; ett\u00e4 Bruno Ahlberg (my\u00f6hemmin tunnettu nyrkkeilij\u00e4) voitti nuorukaisten kilpailun 50m uinnissa vuonna 1926 aika 44,5. Ik\u00e4raja oli 16 vuotta. Edellisen\u00e4 vuonna Immu Niemel\u00e4inen saman matkan ajalla 45,7<br><br>&#8211; ett\u00e4 vuonna 1926 j\u00e4rjesti UPI kahdet py\u00f6r\u00e4kilpailu. Vapunp\u00e4iv\u00e4n\u00e4 voitti alle 19 vuotiaiden sarjan E. Nystr\u00f6m, 3,4 km \u2013 aika 7,10. Syyskuussa oli matkan pituus 5 km. Nystr\u00f6m j\u00e4lleen voittajana, aika 10,36,2. Kilpailut j\u00e4rjestettiin Munkkiniemess\u00e4. Osanottajia oli 59.<br><br>&#8211; ett\u00e4 pes\u00e4pallo otettiin UPI:n ohjelmistoon vuonna 1933. Poliisilaitos vei ensimm\u00e4isen mestaruuden nimiins\u00e4. Seuraavana vuonna voitti Alko. Noin 60 000 henke\u00e4 seurasi otteluita, jotka pelattiin touko kes\u00e4kuun aikana.<br><br>&#8211; ett\u00e4 UPI syksyll\u00e4 1935 j\u00e4rjesti k\u00e4velykilpailut. Tahko Pihkalan hitaasti kiiruhtamissysteemin mukaan. L\u00e4ht\u00f6- ja tulopaikka rautatien alik\u00e4yt\u00e4v\u00e4 Nordenski\u00f6ldinkadun p\u00e4\u00e4ss\u00e4, verryttelytaival 8,5 km (K\u00e4pyl\u00e4\u00e4n ja takaisin), kiritaival 1200 m.<br><br>&#8211; ett\u00e4 ensimm\u00e4isen k\u00e4velykilpailun voitti Taisto M\u00e4ki. Mukana olivat my\u00f6skin Volmari Isohollo, Verneri Toivonen, Kalle Tuominen, Kauko Pekuri.<br><br>&#8211; ett\u00e4 k\u00e4velyjaosto vuonna 1937 muuttui suunnistusjaostoksi. K\u00e4velykilpailut siirtyiv\u00e4t UPI:n historiaan.&nbsp;<\/td><\/tr><\/tbody><\/table><\/figure>\n","protected":false},"excerpt":{"rendered":"<p>Tiesitk\u00f6? &#8211; ett\u00e4 UPI:n jalkapallo-otteluja vuonna 1934 seurasi 45 000 henke\u00e4 \u2013 osapuilleen sama m\u00e4\u00e4r\u00e4 kuin Suomen mestaruussarjan yhteenlaskettu katsojam\u00e4\u00e4r\u00e4 edellisen\u00e4 vuonna. &#8211; ett\u00e4 Kallion kent\u00e4ll\u00e4 oli joskus jopa nelj\u00e4 viisituhatta katsojaa, kun UPI:n parhaat joukkueet kamppailivat jalkapallon kimpussa &#8211; ett\u00e4 tohtori Sakari P\u00e4lsi toimi l\u00e4hett\u00e4j\u00e4n\u00e4 UPI:n hiihtokisoissa vuonna 1926 Kalastajatorpan j\u00e4\u00e4ll\u00e4, mutta kun pyssyn [&hellip;]<\/p>\n","protected":false},"author":1,"featured_media":0,"parent":0,"menu_order":0,"comment_status":"closed","ping_status":"closed","template":"","meta":{"footnotes":""},"class_list":["post-1011","page","type-page","status-publish","hentry"],"_links":{"self":[{"href":"https:\/\/www.upi.fi\/index.php?rest_route=\/wp\/v2\/pages\/1011","targetHints":{"allow":["GET"]}}],"collection":[{"href":"https:\/\/www.upi.fi\/index.php?rest_route=\/wp\/v2\/pages"}],"about":[{"href":"https:\/\/www.upi.fi\/index.php?rest_route=\/wp\/v2\/types\/page"}],"author":[{"embeddable":true,"href":"https:\/\/www.upi.fi\/index.php?rest_route=\/wp\/v2\/users\/1"}],"replies":[{"embeddable":true,"href":"https:\/\/www.upi.fi\/index.php?rest_route=%2Fwp%2Fv2%2Fcomments&post=1011"}],"version-history":[{"count":3,"href":"https:\/\/www.upi.fi\/index.php?rest_route=\/wp\/v2\/pages\/1011\/revisions"}],"predecessor-version":[{"id":1029,"href":"https:\/\/www.upi.fi\/index.php?rest_route=\/wp\/v2\/pages\/1011\/revisions\/1029"}],"wp:attachment":[{"href":"https:\/\/www.upi.fi\/index.php?rest_route=%2Fwp%2Fv2%2Fmedia&parent=1011"}],"curies":[{"name":"wp","href":"https:\/\/api.w.org\/{rel}","templated":true}]}}